{"id":438,"date":"2020-05-25T12:35:19","date_gmt":"2020-05-25T12:35:19","guid":{"rendered":"https:\/\/www.handelsvertretung-stippel.de\/approach\/"},"modified":"2025-03-10T11:53:45","modified_gmt":"2025-03-10T11:53:45","slug":"approach","status":"publish","type":"page","link":"https:\/\/www.handelsvertretung-stippel.de\/en\/approach\/","title":{"rendered":"Approach"},"content":{"rendered":"\t\t<div data-elementor-type=\"wp-page\" data-elementor-id=\"438\" class=\"elementor elementor-438 elementor-118\" data-elementor-post-type=\"page\">\n\t\t\t\t\t\t<section class=\"elementor-section elementor-top-section elementor-element elementor-element-3e1af7da elementor-section-full_width elementor-section-stretched elementor-section-height-default elementor-section-height-default\" data-id=\"3e1af7da\" data-element_type=\"section\" data-e-type=\"section\" data-settings=\"{&quot;stretch_section&quot;:&quot;section-stretched&quot;}\">\n\t\t\t\t\t\t<div class=\"elementor-container elementor-column-gap-default\">\n\t\t\t\t\t<div class=\"elementor-column elementor-col-100 elementor-top-column elementor-element elementor-element-7d6830bf\" data-id=\"7d6830bf\" data-element_type=\"column\" data-e-type=\"column\">\n\t\t\t<div class=\"elementor-widget-wrap elementor-element-populated\">\n\t\t\t\t\t\t<div class=\"elementor-element elementor-element-1198b76f elementor--h-position-right elementor--v-position-bottom elementor-arrows-position-inside elementor-widget elementor-widget-global elementor-global-482 elementor-global-110 elementor-widget-slides\" data-id=\"1198b76f\" data-element_type=\"widget\" data-e-type=\"widget\" data-settings=\"{&quot;navigation&quot;:&quot;arrows&quot;,&quot;transition&quot;:&quot;fade&quot;,&quot;autoplay&quot;:&quot;yes&quot;,&quot;pause_on_hover&quot;:&quot;yes&quot;,&quot;pause_on_interaction&quot;:&quot;yes&quot;,&quot;autoplay_speed&quot;:5000,&quot;infinite&quot;:&quot;yes&quot;,&quot;transition_speed&quot;:500}\" data-widget_type=\"slides.default\">\n\t\t\t\t<div class=\"elementor-widget-container\">\n\t\t\t\t\t\t\t\t\t<div class=\"elementor-swiper\">\n\t\t\t\t\t<div class=\"elementor-slides-wrapper elementor-main-swiper swiper\" role=\"region\" aria-roledescription=\"carousel\" aria-label=\"Slider\" dir=\"ltr\" data-animation=\"fadeInUp\">\n\t\t\t\t<div class=\"swiper-wrapper elementor-slides\">\n\t\t\t\t\t\t\t\t\t\t<div class=\"elementor-repeater-item-ca8ee4a swiper-slide\" role=\"group\" aria-roledescription=\"slide\"><div class=\"swiper-slide-bg\" role=\"img\" aria-label=\"Slider Hermat\"><\/div><div class=\"swiper-slide-inner\" ><div class=\"swiper-slide-contents\"><div class=\"elementor-slide-heading\">Handelsvertretung Stippel<\/div><div class=\"elementor-slide-description\"><p>Commercial agency since 1905<\/p>\n<\/div><\/div><\/div><\/div><div class=\"elementor-repeater-item-6470fc0 swiper-slide\" role=\"group\" aria-roledescription=\"slide\"><div class=\"swiper-slide-bg\" role=\"img\" aria-label=\"Slider Hermat\"><\/div><div class=\"swiper-slide-inner\" ><div class=\"swiper-slide-contents\"><div class=\"elementor-slide-heading\">Handelsvertretung Stippel<\/div><div class=\"elementor-slide-description\"><p>Commercial agency since 1905<\/p>\n<\/div><\/div><\/div><\/div><div class=\"elementor-repeater-item-c03f1c6 swiper-slide\" role=\"group\" aria-roledescription=\"slide\"><div class=\"swiper-slide-bg\" role=\"img\" aria-label=\"Slider Hermat\"><\/div><div class=\"swiper-slide-inner\" ><div class=\"swiper-slide-contents\"><div class=\"elementor-slide-heading\">Handelsvertretung Stippel<\/div><div class=\"elementor-slide-description\"><p>Commercial agency since 1905<\/p>\n<\/div><\/div><\/div><\/div><div class=\"elementor-repeater-item-91daca8 swiper-slide\" role=\"group\" aria-roledescription=\"slide\"><div class=\"swiper-slide-bg\" role=\"img\" aria-label=\"Slider Hermat\"><\/div><div class=\"swiper-slide-inner\" ><div class=\"swiper-slide-contents\"><div class=\"elementor-slide-heading\">Handelsvertretung Stippel<\/div><div class=\"elementor-slide-description\"><p>Commercial agency since 1905<\/p>\n<\/div><\/div><\/div><\/div><div class=\"elementor-repeater-item-0efdfbc swiper-slide\" role=\"group\" aria-roledescription=\"slide\"><div class=\"swiper-slide-bg\" role=\"img\" aria-label=\"Slider Hermat\"><\/div><div class=\"swiper-slide-inner\" ><div class=\"swiper-slide-contents\"><div class=\"elementor-slide-heading\">Handelsvertretung Stippel<\/div><div class=\"elementor-slide-description\"><p>Commercial agency since 1905<\/p>\n<\/div><\/div><\/div><\/div><div class=\"elementor-repeater-item-744a9fd swiper-slide\" role=\"group\" aria-roledescription=\"slide\"><div class=\"swiper-slide-bg\" role=\"img\" aria-label=\"Slider Hermat\"><\/div><div class=\"swiper-slide-inner\" ><div class=\"swiper-slide-contents\"><div class=\"elementor-slide-heading\">Handelsvertretung Stippel<\/div><div class=\"elementor-slide-description\"><p>Commercial agency since 1905<\/p>\n<\/div><\/div><\/div><\/div><div class=\"elementor-repeater-item-bdac41d swiper-slide\" role=\"group\" aria-roledescription=\"slide\"><div class=\"swiper-slide-bg\" role=\"img\" aria-label=\"Slider Hermat\"><\/div><div class=\"swiper-slide-inner\" ><div class=\"swiper-slide-contents\"><div class=\"elementor-slide-heading\">Handelsvertretung Stippel<\/div><div class=\"elementor-slide-description\"><p>Commercial agency since 1905<\/p>\n<\/div><\/div><\/div><\/div><div class=\"elementor-repeater-item-a1917a9 swiper-slide\" role=\"group\" aria-roledescription=\"slide\"><div class=\"swiper-slide-bg\" role=\"img\" aria-label=\"Slider Sommerer Scheitter\"><\/div><div class=\"swiper-slide-inner\" ><div class=\"swiper-slide-contents\"><div class=\"elementor-slide-heading\">Handelsvertretung Stippel<\/div><div class=\"elementor-slide-description\"><p>Commercial agency since 1905<\/p>\n<\/div><\/div><\/div><\/div><div class=\"elementor-repeater-item-f15c1cf swiper-slide\" role=\"group\" aria-roledescription=\"slide\"><div class=\"swiper-slide-bg\" role=\"img\" aria-label=\"Slider AMF\"><\/div><div class=\"swiper-slide-inner\" ><div class=\"swiper-slide-contents\"><div class=\"elementor-slide-heading\">Handelsvertretung Stippel<\/div><div class=\"elementor-slide-description\"><p>Commercial agency since 1905<\/p>\n<\/div><\/div><\/div><\/div><div class=\"elementor-repeater-item-47b62ba swiper-slide\" role=\"group\" aria-roledescription=\"slide\"><div class=\"swiper-slide-bg\" role=\"img\" aria-label=\"Slider Elton\"><\/div><div class=\"swiper-slide-inner\" ><div class=\"swiper-slide-contents\"><div class=\"elementor-slide-heading\">Handelsvertretung Stippel<\/div><div class=\"elementor-slide-description\"><p>Commercial agency since 1905<\/p>\n<\/div><\/div><\/div><\/div><div class=\"elementor-repeater-item-a3c9030 swiper-slide\" role=\"group\" aria-roledescription=\"slide\"><div class=\"swiper-slide-bg\" role=\"img\" aria-label=\"Slider Elton\"><\/div><div class=\"swiper-slide-inner\" ><div class=\"swiper-slide-contents\"><div class=\"elementor-slide-heading\">Handelsvertretung Stippel<\/div><div class=\"elementor-slide-description\"><p>Commercial agency since 1905<\/p>\n<\/div><\/div><\/div><\/div><div class=\"elementor-repeater-item-800915c swiper-slide\" role=\"group\" aria-roledescription=\"slide\"><div class=\"swiper-slide-bg\" role=\"img\" aria-label=\"Slider BSS\"><\/div><div class=\"swiper-slide-inner\" ><div class=\"swiper-slide-contents\"><div class=\"elementor-slide-heading\">Handelsvertretung Stippel<\/div><div class=\"elementor-slide-description\"><p>Commercial agency since 1905<\/p>\n<\/div><\/div><\/div><\/div>\t\t\t\t<\/div>\n\t\t\t\t\t\t\t\t\t\t\t\t\t\t\t<div class=\"elementor-swiper-button elementor-swiper-button-prev\" role=\"button\" tabindex=\"0\" aria-label=\"Previous slide\">\n\t\t\t\t\t\t\t<i aria-hidden=\"true\" class=\"eicon-chevron-left\"><\/i>\t\t\t\t\t\t<\/div>\n\t\t\t\t\t\t<div class=\"elementor-swiper-button elementor-swiper-button-next\" role=\"button\" tabindex=\"0\" aria-label=\"Next slide\">\n\t\t\t\t\t\t\t<i aria-hidden=\"true\" class=\"eicon-chevron-right\"><\/i>\t\t\t\t\t\t<\/div>\n\t\t\t\t\t\t\t\t\t\t\t\t\t\t\t\t\t<\/div>\n\t\t\t\t<\/div>\n\t\t\t\t\t\t\t\t<\/div>\n\t\t\t\t<\/div>\n\t\t\t\t\t<\/div>\n\t\t<\/div>\n\t\t\t\t\t<\/div>\n\t\t<\/section>\n\t\t\t\t<section class=\"elementor-section elementor-top-section elementor-element elementor-element-ff6b662 elementor-section-full_width elementor-section-height-default elementor-section-height-default\" data-id=\"ff6b662\" data-element_type=\"section\" data-e-type=\"section\">\n\t\t\t\t\t\t<div class=\"elementor-container elementor-column-gap-default\">\n\t\t\t\t\t<div class=\"elementor-column elementor-col-100 elementor-top-column elementor-element elementor-element-397194a\" data-id=\"397194a\" data-element_type=\"column\" data-e-type=\"column\">\n\t\t\t<div class=\"elementor-widget-wrap elementor-element-populated\">\n\t\t\t\t\t\t<div class=\"elementor-element elementor-element-ac7c29b elementor-widget elementor-widget-text-editor\" data-id=\"ac7c29b\" data-element_type=\"widget\" data-e-type=\"widget\" data-widget_type=\"text-editor.default\">\n\t\t\t\t<div class=\"elementor-widget-container\">\n\t\t\t\t\t\t\t\t\t<h1>Approach<\/h1>\t\t\t\t\t\t\t\t<\/div>\n\t\t\t\t<\/div>\n\t\t\t\t<div class=\"elementor-element elementor-element-5cb4a8c elementor-widget elementor-widget-text-editor\" data-id=\"5cb4a8c\" data-element_type=\"widget\" data-e-type=\"widget\" data-widget_type=\"text-editor.default\">\n\t\t\t\t<div class=\"elementor-widget-container\">\n\t\t\t\t\t\t\t\t\t<h2>How you find us<\/h2>\t\t\t\t\t\t\t\t<\/div>\n\t\t\t\t<\/div>\n\t\t\t\t<div class=\"elementor-element elementor-element-dea4bac elementor-widget-divider--view-line elementor-widget elementor-widget-divider\" data-id=\"dea4bac\" data-element_type=\"widget\" data-e-type=\"widget\" data-widget_type=\"divider.default\">\n\t\t\t\t<div class=\"elementor-widget-container\">\n\t\t\t\t\t\t\t<div class=\"elementor-divider\">\n\t\t\t<span class=\"elementor-divider-separator\">\n\t\t\t\t\t\t<\/span>\n\t\t<\/div>\n\t\t\t\t\t\t<\/div>\n\t\t\t\t<\/div>\n\t\t\t\t<div class=\"elementor-element elementor-element-e070d2a elementor-widget elementor-widget-google_maps\" data-id=\"e070d2a\" data-element_type=\"widget\" data-e-type=\"widget\" data-widget_type=\"google_maps.default\">\n\t\t\t\t<div class=\"elementor-widget-container\">\n\t\t\t\t\t\t\t<div class=\"elementor-custom-embed\">\n\t\t\t <div class=\"brlbs-cmpnt-container brlbs-cmpnt-content-blocker brlbs-cmpnt-with-individual-styles\" data-borlabs-cookie-content-blocker-id=\"google-maps\" data-borlabs-cookie-content=\"PGlmcmFtZSBsb2FkaW5nPSJsYXp5IgoJCQkJCXNyYz0iaHR0cHM6Ly9tYXBzLmdvb2dsZS5jb20vbWFwcz9xPUhhbmRlbHN2ZXJ0cmV0dW5nJTIwU3RpcHBlbCYjMDM4O3Q9bSYjMDM4O3o9MTQmIzAzODtvdXRwdXQ9ZW1iZWQmIzAzODtpd2xvYz1uZWFyIgoJCQkJCXRpdGxlPSJIYW5kZWxzdmVydHJldHVuZyBTdGlwcGVsIgoJCQkJCWFyaWEtbGFiZWw9IkhhbmRlbHN2ZXJ0cmV0dW5nIFN0aXBwZWwiCgkJCT48L2lmcmFtZT4=\"><div class=\"brlbs-cmpnt-cb-preset-b brlbs-cmpnt-cb-google-maps\"> <div class=\"brlbs-cmpnt-cb-thumbnail\" style=\"background-image: url('https:\/\/www.handelsvertretung-stippel.de\/wp-content\/uploads\/borlabs-cookie\/1\/brlbs-cb-google-maps-main.png')\"><\/div> <div class=\"brlbs-cmpnt-cb-main\"> <div class=\"brlbs-cmpnt-cb-content\"> <p class=\"brlbs-cmpnt-cb-description\">You are currently viewing a placeholder content from <strong>Google Maps<\/strong>. To access the actual content, click the button below. Please note that doing so will share data with third-party providers.<\/p> <a class=\"brlbs-cmpnt-cb-provider-toggle\" href=\"#\" data-borlabs-cookie-show-provider-information role=\"button\">More Information<\/a> <\/div> <div class=\"brlbs-cmpnt-cb-buttons\"> <a class=\"brlbs-cmpnt-cb-btn\" href=\"#\" data-borlabs-cookie-unblock role=\"button\">Unblock content<\/a> <a class=\"brlbs-cmpnt-cb-btn\" href=\"#\" data-borlabs-cookie-accept-service role=\"button\" style=\"display: inherit\">Accept required service and unblock content<\/a> <\/div> <\/div> <\/div><\/div>\n\t\t<\/div>\n\t\t\t\t\t\t<\/div>\n\t\t\t\t<\/div>\n\t\t\t\t\t<\/div>\n\t\t<\/div>\n\t\t\t\t\t<\/div>\n\t\t<\/section>\n\t\t\t\t<\/div>\n\t\t","protected":false},"excerpt":{"rendered":"<p>StippelHandelsvertretung seit 1905StippelHandelsvertretung seit 1905StippelHandelsvertretung seit 1905StippelHandelsvertretung seit 1905StippelHandelsvertretung seit 1905StippelHandelsvertretung seit 1905StippelHandelsvertretung seit 1905StippelHandelsvertretung seit 1905StippelHandelsvertretung seit 1905StippelHandelsvertretung seit 1905StippelHandelsvertretung seit 1905StippelHandelsvertretung seit 1905 Approach How you find us Sie sehen gerade einen Platzhalterinhalt von Google Maps. Um auf den eigentlichen Inhalt zuzugreifen, klicken Sie auf die Schaltfl\u00e4che unten. Bitte beachten Sie, dass dabei [&hellip;]<\/p>\n","protected":false},"author":1,"featured_media":0,"parent":0,"menu_order":90,"comment_status":"closed","ping_status":"closed","template":"","meta":{"footnotes":""},"class_list":["post-438","page","type-page","status-publish","hentry"],"yoast_head":"<!-- This site is optimized with the Yoast SEO plugin v27.5 - https:\/\/yoast.com\/product\/yoast-seo-wordpress\/ -->\n<title>Approach - Handelsvertretung Stippel in 48653 Coesfeld<\/title>\n<meta name=\"description\" content=\"Approach Handelsvertretung Stippel - Vertretung f\u00fcr Baubeschl\u00e4ge | Laurentiusstra\u00dfe 12 \u2022 48653 Coesfeld \u2022 \u260e +49 2591 7981-0\" \/>\n<meta name=\"robots\" content=\"index, follow, max-snippet:-1, max-image-preview:large, max-video-preview:-1\" \/>\n<link rel=\"canonical\" href=\"https:\/\/www.handelsvertretung-stippel.de\/en\/approach\/\" \/>\n<meta property=\"og:locale\" content=\"en_US\" \/>\n<meta property=\"og:type\" content=\"article\" \/>\n<meta property=\"og:title\" content=\"Approach - Handelsvertretung Stippel in 48653 Coesfeld\" \/>\n<meta property=\"og:description\" content=\"Approach Handelsvertretung Stippel - Vertretung f\u00fcr Baubeschl\u00e4ge | Laurentiusstra\u00dfe 12 \u2022 48653 Coesfeld \u2022 \u260e +49 2591 7981-0\" \/>\n<meta property=\"og:url\" content=\"https:\/\/www.handelsvertretung-stippel.de\/en\/approach\/\" \/>\n<meta property=\"og:site_name\" content=\"Handelsvertretung Stippel\" \/>\n<meta property=\"article:modified_time\" content=\"2025-03-10T11:53:45+00:00\" \/>\n<meta name=\"twitter:card\" content=\"summary_large_image\" \/>\n<meta name=\"twitter:label1\" content=\"Est. reading time\" \/>\n\t<meta name=\"twitter:data1\" content=\"1 minute\" \/>\n<script type=\"application\/ld+json\" class=\"yoast-schema-graph\">{\"@context\":\"https:\\\/\\\/schema.org\",\"@graph\":[{\"@type\":\"WebPage\",\"@id\":\"https:\\\/\\\/www.handelsvertretung-stippel.de\\\/en\\\/approach\\\/\",\"url\":\"https:\\\/\\\/www.handelsvertretung-stippel.de\\\/en\\\/approach\\\/\",\"name\":\"Approach - Handelsvertretung Stippel in 48653 Coesfeld\",\"isPartOf\":{\"@id\":\"https:\\\/\\\/www.handelsvertretung-stippel.de\\\/#website\"},\"datePublished\":\"2020-05-25T12:35:19+00:00\",\"dateModified\":\"2025-03-10T11:53:45+00:00\",\"description\":\"Approach Handelsvertretung Stippel - Vertretung f\u00fcr Baubeschl\u00e4ge | Laurentiusstra\u00dfe 12 \u2022 48653 Coesfeld \u2022 \u260e +49 2591 7981-0\",\"breadcrumb\":{\"@id\":\"https:\\\/\\\/www.handelsvertretung-stippel.de\\\/en\\\/approach\\\/#breadcrumb\"},\"inLanguage\":\"en-US\",\"potentialAction\":[{\"@type\":\"ReadAction\",\"target\":[\"https:\\\/\\\/www.handelsvertretung-stippel.de\\\/en\\\/approach\\\/\"]}]},{\"@type\":\"BreadcrumbList\",\"@id\":\"https:\\\/\\\/www.handelsvertretung-stippel.de\\\/en\\\/approach\\\/#breadcrumb\",\"itemListElement\":[{\"@type\":\"ListItem\",\"position\":1,\"name\":\"Startseite\",\"item\":\"https:\\\/\\\/www.handelsvertretung-stippel.de\\\/\"},{\"@type\":\"ListItem\",\"position\":2,\"name\":\"Approach\"}]},{\"@type\":\"WebSite\",\"@id\":\"https:\\\/\\\/www.handelsvertretung-stippel.de\\\/#website\",\"url\":\"https:\\\/\\\/www.handelsvertretung-stippel.de\\\/\",\"name\":\"Handelsvertretung Stippel\",\"description\":\"Vertretung f\u00fcr Baubeschl\u00e4ge\",\"publisher\":{\"@id\":\"https:\\\/\\\/www.handelsvertretung-stippel.de\\\/#organization\"},\"potentialAction\":[{\"@type\":\"SearchAction\",\"target\":{\"@type\":\"EntryPoint\",\"urlTemplate\":\"https:\\\/\\\/www.handelsvertretung-stippel.de\\\/?s={search_term_string}\"},\"query-input\":{\"@type\":\"PropertyValueSpecification\",\"valueRequired\":true,\"valueName\":\"search_term_string\"}}],\"inLanguage\":\"en-US\"},{\"@type\":\"Organization\",\"@id\":\"https:\\\/\\\/www.handelsvertretung-stippel.de\\\/#organization\",\"name\":\"Handelsvertretung Stippel\",\"url\":\"https:\\\/\\\/www.handelsvertretung-stippel.de\\\/\",\"logo\":{\"@type\":\"ImageObject\",\"inLanguage\":\"en-US\",\"@id\":\"https:\\\/\\\/www.handelsvertretung-stippel.de\\\/#\\\/schema\\\/logo\\\/image\\\/\",\"url\":\"https:\\\/\\\/www.handelsvertretung-stippel.de\\\/wp-content\\\/uploads\\\/2020\\\/05\\\/Logo-Stippel-2020-2.jpg\",\"contentUrl\":\"https:\\\/\\\/www.handelsvertretung-stippel.de\\\/wp-content\\\/uploads\\\/2020\\\/05\\\/Logo-Stippel-2020-2.jpg\",\"width\":512,\"height\":512,\"caption\":\"Handelsvertretung Stippel\"},\"image\":{\"@id\":\"https:\\\/\\\/www.handelsvertretung-stippel.de\\\/#\\\/schema\\\/logo\\\/image\\\/\"}}]}<\/script>\n<!-- \/ Yoast SEO plugin. -->","yoast_head_json":{"title":"Approach - Handelsvertretung Stippel in 48653 Coesfeld","description":"Approach Handelsvertretung Stippel - Vertretung f\u00fcr Baubeschl\u00e4ge | Laurentiusstra\u00dfe 12 \u2022 48653 Coesfeld \u2022 \u260e +49 2591 7981-0","robots":{"index":"index","follow":"follow","max-snippet":"max-snippet:-1","max-image-preview":"max-image-preview:large","max-video-preview":"max-video-preview:-1"},"canonical":"https:\/\/www.handelsvertretung-stippel.de\/en\/approach\/","og_locale":"en_US","og_type":"article","og_title":"Approach - Handelsvertretung Stippel in 48653 Coesfeld","og_description":"Approach Handelsvertretung Stippel - Vertretung f\u00fcr Baubeschl\u00e4ge | Laurentiusstra\u00dfe 12 \u2022 48653 Coesfeld \u2022 \u260e +49 2591 7981-0","og_url":"https:\/\/www.handelsvertretung-stippel.de\/en\/approach\/","og_site_name":"Handelsvertretung Stippel","article_modified_time":"2025-03-10T11:53:45+00:00","twitter_card":"summary_large_image","twitter_misc":{"Est. reading time":"1 minute"},"schema":{"@context":"https:\/\/schema.org","@graph":[{"@type":"WebPage","@id":"https:\/\/www.handelsvertretung-stippel.de\/en\/approach\/","url":"https:\/\/www.handelsvertretung-stippel.de\/en\/approach\/","name":"Approach - Handelsvertretung Stippel in 48653 Coesfeld","isPartOf":{"@id":"https:\/\/www.handelsvertretung-stippel.de\/#website"},"datePublished":"2020-05-25T12:35:19+00:00","dateModified":"2025-03-10T11:53:45+00:00","description":"Approach Handelsvertretung Stippel - Vertretung f\u00fcr Baubeschl\u00e4ge | Laurentiusstra\u00dfe 12 \u2022 48653 Coesfeld \u2022 \u260e +49 2591 7981-0","breadcrumb":{"@id":"https:\/\/www.handelsvertretung-stippel.de\/en\/approach\/#breadcrumb"},"inLanguage":"en-US","potentialAction":[{"@type":"ReadAction","target":["https:\/\/www.handelsvertretung-stippel.de\/en\/approach\/"]}]},{"@type":"BreadcrumbList","@id":"https:\/\/www.handelsvertretung-stippel.de\/en\/approach\/#breadcrumb","itemListElement":[{"@type":"ListItem","position":1,"name":"Startseite","item":"https:\/\/www.handelsvertretung-stippel.de\/"},{"@type":"ListItem","position":2,"name":"Approach"}]},{"@type":"WebSite","@id":"https:\/\/www.handelsvertretung-stippel.de\/#website","url":"https:\/\/www.handelsvertretung-stippel.de\/","name":"Handelsvertretung Stippel","description":"Vertretung f\u00fcr Baubeschl\u00e4ge","publisher":{"@id":"https:\/\/www.handelsvertretung-stippel.de\/#organization"},"potentialAction":[{"@type":"SearchAction","target":{"@type":"EntryPoint","urlTemplate":"https:\/\/www.handelsvertretung-stippel.de\/?s={search_term_string}"},"query-input":{"@type":"PropertyValueSpecification","valueRequired":true,"valueName":"search_term_string"}}],"inLanguage":"en-US"},{"@type":"Organization","@id":"https:\/\/www.handelsvertretung-stippel.de\/#organization","name":"Handelsvertretung Stippel","url":"https:\/\/www.handelsvertretung-stippel.de\/","logo":{"@type":"ImageObject","inLanguage":"en-US","@id":"https:\/\/www.handelsvertretung-stippel.de\/#\/schema\/logo\/image\/","url":"https:\/\/www.handelsvertretung-stippel.de\/wp-content\/uploads\/2020\/05\/Logo-Stippel-2020-2.jpg","contentUrl":"https:\/\/www.handelsvertretung-stippel.de\/wp-content\/uploads\/2020\/05\/Logo-Stippel-2020-2.jpg","width":512,"height":512,"caption":"Handelsvertretung Stippel"},"image":{"@id":"https:\/\/www.handelsvertretung-stippel.de\/#\/schema\/logo\/image\/"}}]}},"_links":{"self":[{"href":"https:\/\/www.handelsvertretung-stippel.de\/en\/wp-json\/wp\/v2\/pages\/438","targetHints":{"allow":["GET"]}}],"collection":[{"href":"https:\/\/www.handelsvertretung-stippel.de\/en\/wp-json\/wp\/v2\/pages"}],"about":[{"href":"https:\/\/www.handelsvertretung-stippel.de\/en\/wp-json\/wp\/v2\/types\/page"}],"author":[{"embeddable":true,"href":"https:\/\/www.handelsvertretung-stippel.de\/en\/wp-json\/wp\/v2\/users\/1"}],"replies":[{"embeddable":true,"href":"https:\/\/www.handelsvertretung-stippel.de\/en\/wp-json\/wp\/v2\/comments?post=438"}],"version-history":[{"count":4,"href":"https:\/\/www.handelsvertretung-stippel.de\/en\/wp-json\/wp\/v2\/pages\/438\/revisions"}],"predecessor-version":[{"id":563,"href":"https:\/\/www.handelsvertretung-stippel.de\/en\/wp-json\/wp\/v2\/pages\/438\/revisions\/563"}],"wp:attachment":[{"href":"https:\/\/www.handelsvertretung-stippel.de\/en\/wp-json\/wp\/v2\/media?parent=438"}],"curies":[{"name":"wp","href":"https:\/\/api.w.org\/{rel}","templated":true}]}}