{"id":412,"date":"2020-05-20T14:54:20","date_gmt":"2020-05-20T14:54:20","guid":{"rendered":"https:\/\/www.handelsvertretung-stippel.de\/amf\/"},"modified":"2025-02-28T13:33:24","modified_gmt":"2025-02-28T13:33:24","slug":"amf","status":"publish","type":"page","link":"https:\/\/www.handelsvertretung-stippel.de\/en\/agencies\/amf\/","title":{"rendered":"AMF"},"content":{"rendered":"\t\t<div data-elementor-type=\"wp-page\" data-elementor-id=\"412\" class=\"elementor elementor-412 elementor-40\" data-elementor-post-type=\"page\">\n\t\t\t\t\t\t<section class=\"elementor-section elementor-top-section elementor-element elementor-element-f3649db elementor-section-boxed elementor-section-height-default elementor-section-height-default\" data-id=\"f3649db\" data-element_type=\"section\" data-e-type=\"section\">\n\t\t\t\t\t\t<div class=\"elementor-container elementor-column-gap-default\">\n\t\t\t\t\t<div class=\"elementor-column elementor-col-50 elementor-top-column elementor-element elementor-element-b62d700\" data-id=\"b62d700\" data-element_type=\"column\" data-e-type=\"column\">\n\t\t\t<div class=\"elementor-widget-wrap elementor-element-populated\">\n\t\t\t\t\t\t<div class=\"elementor-element elementor-element-29ca447 elementor-widget elementor-widget-text-editor\" data-id=\"29ca447\" data-element_type=\"widget\" data-e-type=\"widget\" data-widget_type=\"text-editor.default\">\n\t\t\t\t<div class=\"elementor-widget-container\">\n\t\t\t\t\t\t\t\t\t<h1>AMF<\/h1>\t\t\t\t\t\t\t\t<\/div>\n\t\t\t\t<\/div>\n\t\t\t\t\t<\/div>\n\t\t<\/div>\n\t\t\t\t<div class=\"elementor-column elementor-col-50 elementor-top-column elementor-element elementor-element-78fc529\" data-id=\"78fc529\" data-element_type=\"column\" data-e-type=\"column\">\n\t\t\t<div class=\"elementor-widget-wrap elementor-element-populated\">\n\t\t\t\t\t\t<div class=\"elementor-element elementor-element-418d15c elementor-widget elementor-widget-image\" data-id=\"418d15c\" data-element_type=\"widget\" data-e-type=\"widget\" data-widget_type=\"image.default\">\n\t\t\t\t<div class=\"elementor-widget-container\">\n\t\t\t\t\t\t\t\t\t\t\t\t\t\t\t\t<a href=\"https:\/\/www.amf.de\" target=\"_blank\">\n\t\t\t\t\t\t\t<img fetchpriority=\"high\" decoding=\"async\" width=\"421\" height=\"139\" src=\"https:\/\/www.handelsvertretung-stippel.de\/wp-content\/uploads\/2020\/05\/AMF-Logo.png\" class=\"attachment-large size-large wp-image-393\" alt=\"\" srcset=\"https:\/\/www.handelsvertretung-stippel.de\/wp-content\/uploads\/2020\/05\/AMF-Logo.png 421w, https:\/\/www.handelsvertretung-stippel.de\/wp-content\/uploads\/2020\/05\/AMF-Logo-300x99.png 300w\" sizes=\"(max-width: 421px) 100vw, 421px\" \/>\t\t\t\t\t\t\t\t<\/a>\n\t\t\t\t\t\t\t\t\t\t\t\t\t\t\t<\/div>\n\t\t\t\t<\/div>\n\t\t\t\t\t<\/div>\n\t\t<\/div>\n\t\t\t\t\t<\/div>\n\t\t<\/section>\n\t\t\t\t<section class=\"elementor-section elementor-top-section elementor-element elementor-element-cbf1be8 elementor-section-boxed elementor-section-height-default elementor-section-height-default\" data-id=\"cbf1be8\" data-element_type=\"section\" data-e-type=\"section\">\n\t\t\t\t\t\t<div class=\"elementor-container elementor-column-gap-default\">\n\t\t\t\t\t<div class=\"elementor-column elementor-col-50 elementor-top-column elementor-element elementor-element-05223c2\" data-id=\"05223c2\" data-element_type=\"column\" data-e-type=\"column\">\n\t\t\t<div class=\"elementor-widget-wrap elementor-element-populated\">\n\t\t\t\t\t\t<div class=\"elementor-element elementor-element-e18ba2b elementor-widget elementor-widget-text-editor\" data-id=\"e18ba2b\" data-element_type=\"widget\" data-e-type=\"widget\" data-widget_type=\"text-editor.default\">\n\t\t\t\t<div class=\"elementor-widget-container\">\n\t\t\t\t\t\t\t\t\t<h2>Locks for doors and gates<\/h2><h3>Safety and protection in outdoor areas<\/h3><p>Many years of experience, expertise and know-how are reflected in the high quality of our entire range of locks. Day in, day out and over many years, they withstand the high loads and at the same time convey a personal impression. Therefore, the focus is just as much on flawless function as on expressive design.<\/p><p>Tailored to the respective location, AMF locks always underline the individual design concept and open the door to lasting enthusiasm.<\/p>\t\t\t\t\t\t\t\t<\/div>\n\t\t\t\t<\/div>\n\t\t\t\t\t<\/div>\n\t\t<\/div>\n\t\t\t\t<div class=\"elementor-column elementor-col-50 elementor-top-column elementor-element elementor-element-c778d9b\" data-id=\"c778d9b\" data-element_type=\"column\" data-e-type=\"column\">\n\t\t\t<div class=\"elementor-widget-wrap elementor-element-populated\">\n\t\t\t\t\t\t<div class=\"elementor-element elementor-element-38d3f60 elementor--h-position-left elementor--v-position-bottom elementor-arrows-position-inside elementor-widget elementor-widget-slides\" data-id=\"38d3f60\" data-element_type=\"widget\" data-e-type=\"widget\" data-settings=\"{&quot;navigation&quot;:&quot;arrows&quot;,&quot;autoplay&quot;:&quot;yes&quot;,&quot;pause_on_hover&quot;:&quot;yes&quot;,&quot;pause_on_interaction&quot;:&quot;yes&quot;,&quot;autoplay_speed&quot;:5000,&quot;infinite&quot;:&quot;yes&quot;,&quot;transition&quot;:&quot;slide&quot;,&quot;transition_speed&quot;:500}\" data-widget_type=\"slides.default\">\n\t\t\t\t<div class=\"elementor-widget-container\">\n\t\t\t\t\t\t\t\t\t<div class=\"elementor-swiper\">\n\t\t\t\t\t<div class=\"elementor-slides-wrapper elementor-main-swiper swiper\" role=\"region\" aria-roledescription=\"carousel\" aria-label=\"Slides\" dir=\"ltr\" data-animation=\"fadeInUp\">\n\t\t\t\t<div class=\"swiper-wrapper elementor-slides\">\n\t\t\t\t\t\t\t\t\t\t<div class=\"elementor-repeater-item-29a8ab2 swiper-slide\" role=\"group\" aria-roledescription=\"slide\"><div class=\"swiper-slide-bg\" role=\"img\" aria-label=\"AMF Schlo\u00dfkasten\"><\/div><a class=\"swiper-slide-inner\" href=\"https:\/\/www.handelsvertretung-stippel.de\/wp-content\/uploads\/2020\/05\/Katalog-AMF-Schloesser.pdf\" target=\"_blank\"><div class=\"swiper-slide-contents\"><div  class=\"elementor-button elementor-slide-button elementor-size-sm\">Download the catalog here<br><\/div><\/div><\/a><\/div><div class=\"elementor-repeater-item-a0c5362 swiper-slide\" role=\"group\" aria-roledescription=\"slide\"><div class=\"swiper-slide-bg\" role=\"img\" aria-label=\"Schl\u00f6sser f\u00fcr T\u00fcren und Tore\"><\/div><a class=\"swiper-slide-inner\" href=\"https:\/\/www.handelsvertretung-stippel.de\/wp-content\/uploads\/2020\/05\/Katalog-AMF-Schloesser.pdf\" target=\"_blank\"><div class=\"swiper-slide-contents\"><div  class=\"elementor-button elementor-slide-button elementor-size-sm\">Download the catalog here<br><\/div><\/div><\/a><\/div>\t\t\t\t<\/div>\n\t\t\t\t\t\t\t\t\t\t\t\t\t\t\t<div class=\"elementor-swiper-button elementor-swiper-button-prev\" role=\"button\" tabindex=\"0\" aria-label=\"Previous slide\">\n\t\t\t\t\t\t\t<i aria-hidden=\"true\" class=\"eicon-chevron-left\"><\/i>\t\t\t\t\t\t<\/div>\n\t\t\t\t\t\t<div class=\"elementor-swiper-button elementor-swiper-button-next\" role=\"button\" tabindex=\"0\" aria-label=\"Next slide\">\n\t\t\t\t\t\t\t<i aria-hidden=\"true\" class=\"eicon-chevron-right\"><\/i>\t\t\t\t\t\t<\/div>\n\t\t\t\t\t\t\t\t\t\t\t\t\t\t\t\t\t<\/div>\n\t\t\t\t<\/div>\n\t\t\t\t\t\t\t\t<\/div>\n\t\t\t\t<\/div>\n\t\t\t\t\t<\/div>\n\t\t<\/div>\n\t\t\t\t\t<\/div>\n\t\t<\/section>\n\t\t\t\t<section class=\"elementor-section elementor-top-section elementor-element elementor-element-d562515 elementor-section-boxed elementor-section-height-default elementor-section-height-default\" data-id=\"d562515\" data-element_type=\"section\" data-e-type=\"section\">\n\t\t\t\t\t\t<div class=\"elementor-container elementor-column-gap-default\">\n\t\t\t\t\t<div class=\"elementor-column elementor-col-50 elementor-top-column elementor-element elementor-element-93f3c43\" data-id=\"93f3c43\" data-element_type=\"column\" data-e-type=\"column\">\n\t\t\t<div class=\"elementor-widget-wrap elementor-element-populated\">\n\t\t\t\t\t\t<div class=\"elementor-element elementor-element-4e2c8b0 elementor-widget elementor-widget-image\" data-id=\"4e2c8b0\" data-element_type=\"widget\" data-e-type=\"widget\" data-widget_type=\"image.default\">\n\t\t\t\t<div class=\"elementor-widget-container\">\n\t\t\t\t\t\t\t\t\t\t\t\t\t\t\t<img decoding=\"async\" width=\"456\" height=\"608\" src=\"https:\/\/www.handelsvertretung-stippel.de\/wp-content\/uploads\/2020\/05\/amf-schlosskastenprogramm-aus-qualitaetsstahl-e90ae269.jpg\" class=\"attachment-large size-large wp-image-399\" alt=\"\" srcset=\"https:\/\/www.handelsvertretung-stippel.de\/wp-content\/uploads\/2020\/05\/amf-schlosskastenprogramm-aus-qualitaetsstahl-e90ae269.jpg 456w, https:\/\/www.handelsvertretung-stippel.de\/wp-content\/uploads\/2020\/05\/amf-schlosskastenprogramm-aus-qualitaetsstahl-e90ae269-225x300.jpg 225w\" sizes=\"(max-width: 456px) 100vw, 456px\" \/>\t\t\t\t\t\t\t\t\t\t\t\t\t\t\t<\/div>\n\t\t\t\t<\/div>\n\t\t\t\t\t<\/div>\n\t\t<\/div>\n\t\t\t\t<div class=\"elementor-column elementor-col-50 elementor-top-column elementor-element elementor-element-bd70e42\" data-id=\"bd70e42\" data-element_type=\"column\" data-e-type=\"column\">\n\t\t\t<div class=\"elementor-widget-wrap elementor-element-populated\">\n\t\t\t\t\t\t<div class=\"elementor-element elementor-element-e945009 elementor-widget elementor-widget-text-editor\" data-id=\"e945009\" data-element_type=\"widget\" data-e-type=\"widget\" data-widget_type=\"text-editor.default\">\n\t\t\t\t<div class=\"elementor-widget-container\">\n\t\t\t\t\t\t\t\t\t<h2>Reliable, safe, individual<\/h2><h3>Locks for doors and gates from AMF<\/h3><ul><li>Sophisticated design<\/li><li>High quality standard thanks to strict controls<\/li><li>Short delivery times<\/li><li>No follow-up treatment necessary<\/li><li>Quality made in Germany<\/li><\/ul><h3>The complete program that is sure to impress<\/h3><p>The high quality standards are reflected in our wide range down to the last detail: our stainless steel lock cases are particularly resistant to moisture and can withstand major temperature fluctuations without any problems. The aesthetic appeal of the material underlines the sophisticated design of our products.<\/p><p>Of course, our complete range also includes accessories such as gate hinges and door keys as well as a large selection of fittings.<\/p>\t\t\t\t\t\t\t\t<\/div>\n\t\t\t\t<\/div>\n\t\t\t\t\t<\/div>\n\t\t<\/div>\n\t\t\t\t\t<\/div>\n\t\t<\/section>\n\t\t\t\t<\/div>\n\t\t","protected":false},"excerpt":{"rendered":"<p>AMF Locks for doors and gates Safety and protection in outdoor areas Many years of experience, expertise and know-how are reflected in the high quality of our entire range of locks. Day in, day out and over many years, they withstand the high loads and at the same time convey a personal impression. Therefore, the [&hellip;]<\/p>\n","protected":false},"author":1,"featured_media":0,"parent":411,"menu_order":20,"comment_status":"closed","ping_status":"closed","template":"","meta":{"footnotes":""},"class_list":["post-412","page","type-page","status-publish","hentry"],"yoast_head":"<!-- This site is optimized with the Yoast SEO plugin v27.5 - https:\/\/yoast.com\/product\/yoast-seo-wordpress\/ -->\n<title>AMF locks for doors and gates<\/title>\n<meta name=\"description\" content=\"AMF locks for doors and gates | Many years of experience, expertise and know-how are reflected in the quality of the lock range.\" \/>\n<meta name=\"robots\" content=\"index, follow, max-snippet:-1, max-image-preview:large, max-video-preview:-1\" \/>\n<link rel=\"canonical\" href=\"https:\/\/www.handelsvertretung-stippel.de\/en\/agencies\/amf\/\" \/>\n<meta property=\"og:locale\" content=\"en_US\" \/>\n<meta property=\"og:type\" content=\"article\" \/>\n<meta property=\"og:title\" content=\"AMF locks for doors and gates\" \/>\n<meta property=\"og:description\" content=\"AMF locks for doors and gates | Many years of experience, expertise and know-how are reflected in the quality of the lock range.\" \/>\n<meta property=\"og:url\" content=\"https:\/\/www.handelsvertretung-stippel.de\/en\/agencies\/amf\/\" \/>\n<meta property=\"og:site_name\" content=\"Handelsvertretung Stippel\" \/>\n<meta property=\"article:modified_time\" content=\"2025-02-28T13:33:24+00:00\" \/>\n<meta property=\"og:image\" content=\"https:\/\/www.handelsvertretung-stippel.de\/wp-content\/uploads\/2020\/05\/AMF-Logo.png\" \/>\n\t<meta property=\"og:image:width\" content=\"421\" \/>\n\t<meta property=\"og:image:height\" content=\"139\" \/>\n\t<meta property=\"og:image:type\" content=\"image\/png\" \/>\n<meta name=\"twitter:card\" content=\"summary_large_image\" \/>\n<meta name=\"twitter:label1\" content=\"Est. reading time\" \/>\n\t<meta name=\"twitter:data1\" content=\"1 minute\" \/>\n<script type=\"application\/ld+json\" class=\"yoast-schema-graph\">{\"@context\":\"https:\\\/\\\/schema.org\",\"@graph\":[{\"@type\":\"WebPage\",\"@id\":\"https:\\\/\\\/www.handelsvertretung-stippel.de\\\/en\\\/agencies\\\/amf\\\/\",\"url\":\"https:\\\/\\\/www.handelsvertretung-stippel.de\\\/en\\\/agencies\\\/amf\\\/\",\"name\":\"AMF locks for doors and gates\",\"isPartOf\":{\"@id\":\"https:\\\/\\\/www.handelsvertretung-stippel.de\\\/#website\"},\"primaryImageOfPage\":{\"@id\":\"https:\\\/\\\/www.handelsvertretung-stippel.de\\\/en\\\/agencies\\\/amf\\\/#primaryimage\"},\"image\":{\"@id\":\"https:\\\/\\\/www.handelsvertretung-stippel.de\\\/en\\\/agencies\\\/amf\\\/#primaryimage\"},\"thumbnailUrl\":\"https:\\\/\\\/www.handelsvertretung-stippel.de\\\/wp-content\\\/uploads\\\/2020\\\/05\\\/AMF-Logo.png\",\"datePublished\":\"2020-05-20T14:54:20+00:00\",\"dateModified\":\"2025-02-28T13:33:24+00:00\",\"description\":\"AMF locks for doors and gates | Many years of experience, expertise and know-how are reflected in the quality of the lock range.\",\"breadcrumb\":{\"@id\":\"https:\\\/\\\/www.handelsvertretung-stippel.de\\\/en\\\/agencies\\\/amf\\\/#breadcrumb\"},\"inLanguage\":\"en-US\",\"potentialAction\":[{\"@type\":\"ReadAction\",\"target\":[\"https:\\\/\\\/www.handelsvertretung-stippel.de\\\/en\\\/agencies\\\/amf\\\/\"]}]},{\"@type\":\"ImageObject\",\"inLanguage\":\"en-US\",\"@id\":\"https:\\\/\\\/www.handelsvertretung-stippel.de\\\/en\\\/agencies\\\/amf\\\/#primaryimage\",\"url\":\"https:\\\/\\\/www.handelsvertretung-stippel.de\\\/wp-content\\\/uploads\\\/2020\\\/05\\\/AMF-Logo.png\",\"contentUrl\":\"https:\\\/\\\/www.handelsvertretung-stippel.de\\\/wp-content\\\/uploads\\\/2020\\\/05\\\/AMF-Logo.png\"},{\"@type\":\"BreadcrumbList\",\"@id\":\"https:\\\/\\\/www.handelsvertretung-stippel.de\\\/en\\\/agencies\\\/amf\\\/#breadcrumb\",\"itemListElement\":[{\"@type\":\"ListItem\",\"position\":1,\"name\":\"Startseite\",\"item\":\"https:\\\/\\\/www.handelsvertretung-stippel.de\\\/\"},{\"@type\":\"ListItem\",\"position\":2,\"name\":\"Agencies\",\"item\":\"https:\\\/\\\/www.handelsvertretung-stippel.de\\\/en\\\/?page_id=411\"},{\"@type\":\"ListItem\",\"position\":3,\"name\":\"AMF\"}]},{\"@type\":\"WebSite\",\"@id\":\"https:\\\/\\\/www.handelsvertretung-stippel.de\\\/#website\",\"url\":\"https:\\\/\\\/www.handelsvertretung-stippel.de\\\/\",\"name\":\"Handelsvertretung Stippel\",\"description\":\"Vertretung f\u00fcr Baubeschl\u00e4ge\",\"publisher\":{\"@id\":\"https:\\\/\\\/www.handelsvertretung-stippel.de\\\/#organization\"},\"potentialAction\":[{\"@type\":\"SearchAction\",\"target\":{\"@type\":\"EntryPoint\",\"urlTemplate\":\"https:\\\/\\\/www.handelsvertretung-stippel.de\\\/?s={search_term_string}\"},\"query-input\":{\"@type\":\"PropertyValueSpecification\",\"valueRequired\":true,\"valueName\":\"search_term_string\"}}],\"inLanguage\":\"en-US\"},{\"@type\":\"Organization\",\"@id\":\"https:\\\/\\\/www.handelsvertretung-stippel.de\\\/#organization\",\"name\":\"Handelsvertretung Stippel\",\"url\":\"https:\\\/\\\/www.handelsvertretung-stippel.de\\\/\",\"logo\":{\"@type\":\"ImageObject\",\"inLanguage\":\"en-US\",\"@id\":\"https:\\\/\\\/www.handelsvertretung-stippel.de\\\/#\\\/schema\\\/logo\\\/image\\\/\",\"url\":\"https:\\\/\\\/www.handelsvertretung-stippel.de\\\/wp-content\\\/uploads\\\/2020\\\/05\\\/Logo-Stippel-2020-2.jpg\",\"contentUrl\":\"https:\\\/\\\/www.handelsvertretung-stippel.de\\\/wp-content\\\/uploads\\\/2020\\\/05\\\/Logo-Stippel-2020-2.jpg\",\"width\":512,\"height\":512,\"caption\":\"Handelsvertretung Stippel\"},\"image\":{\"@id\":\"https:\\\/\\\/www.handelsvertretung-stippel.de\\\/#\\\/schema\\\/logo\\\/image\\\/\"}}]}<\/script>\n<!-- \/ Yoast SEO plugin. -->","yoast_head_json":{"title":"AMF locks for doors and gates","description":"AMF locks for doors and gates | Many years of experience, expertise and know-how are reflected in the quality of the lock range.","robots":{"index":"index","follow":"follow","max-snippet":"max-snippet:-1","max-image-preview":"max-image-preview:large","max-video-preview":"max-video-preview:-1"},"canonical":"https:\/\/www.handelsvertretung-stippel.de\/en\/agencies\/amf\/","og_locale":"en_US","og_type":"article","og_title":"AMF locks for doors and gates","og_description":"AMF locks for doors and gates | Many years of experience, expertise and know-how are reflected in the quality of the lock range.","og_url":"https:\/\/www.handelsvertretung-stippel.de\/en\/agencies\/amf\/","og_site_name":"Handelsvertretung Stippel","article_modified_time":"2025-02-28T13:33:24+00:00","og_image":[{"width":421,"height":139,"url":"https:\/\/www.handelsvertretung-stippel.de\/wp-content\/uploads\/2020\/05\/AMF-Logo.png","type":"image\/png"}],"twitter_card":"summary_large_image","twitter_misc":{"Est. reading time":"1 minute"},"schema":{"@context":"https:\/\/schema.org","@graph":[{"@type":"WebPage","@id":"https:\/\/www.handelsvertretung-stippel.de\/en\/agencies\/amf\/","url":"https:\/\/www.handelsvertretung-stippel.de\/en\/agencies\/amf\/","name":"AMF locks for doors and gates","isPartOf":{"@id":"https:\/\/www.handelsvertretung-stippel.de\/#website"},"primaryImageOfPage":{"@id":"https:\/\/www.handelsvertretung-stippel.de\/en\/agencies\/amf\/#primaryimage"},"image":{"@id":"https:\/\/www.handelsvertretung-stippel.de\/en\/agencies\/amf\/#primaryimage"},"thumbnailUrl":"https:\/\/www.handelsvertretung-stippel.de\/wp-content\/uploads\/2020\/05\/AMF-Logo.png","datePublished":"2020-05-20T14:54:20+00:00","dateModified":"2025-02-28T13:33:24+00:00","description":"AMF locks for doors and gates | Many years of experience, expertise and know-how are reflected in the quality of the lock range.","breadcrumb":{"@id":"https:\/\/www.handelsvertretung-stippel.de\/en\/agencies\/amf\/#breadcrumb"},"inLanguage":"en-US","potentialAction":[{"@type":"ReadAction","target":["https:\/\/www.handelsvertretung-stippel.de\/en\/agencies\/amf\/"]}]},{"@type":"ImageObject","inLanguage":"en-US","@id":"https:\/\/www.handelsvertretung-stippel.de\/en\/agencies\/amf\/#primaryimage","url":"https:\/\/www.handelsvertretung-stippel.de\/wp-content\/uploads\/2020\/05\/AMF-Logo.png","contentUrl":"https:\/\/www.handelsvertretung-stippel.de\/wp-content\/uploads\/2020\/05\/AMF-Logo.png"},{"@type":"BreadcrumbList","@id":"https:\/\/www.handelsvertretung-stippel.de\/en\/agencies\/amf\/#breadcrumb","itemListElement":[{"@type":"ListItem","position":1,"name":"Startseite","item":"https:\/\/www.handelsvertretung-stippel.de\/"},{"@type":"ListItem","position":2,"name":"Agencies","item":"https:\/\/www.handelsvertretung-stippel.de\/en\/?page_id=411"},{"@type":"ListItem","position":3,"name":"AMF"}]},{"@type":"WebSite","@id":"https:\/\/www.handelsvertretung-stippel.de\/#website","url":"https:\/\/www.handelsvertretung-stippel.de\/","name":"Handelsvertretung Stippel","description":"Vertretung f\u00fcr Baubeschl\u00e4ge","publisher":{"@id":"https:\/\/www.handelsvertretung-stippel.de\/#organization"},"potentialAction":[{"@type":"SearchAction","target":{"@type":"EntryPoint","urlTemplate":"https:\/\/www.handelsvertretung-stippel.de\/?s={search_term_string}"},"query-input":{"@type":"PropertyValueSpecification","valueRequired":true,"valueName":"search_term_string"}}],"inLanguage":"en-US"},{"@type":"Organization","@id":"https:\/\/www.handelsvertretung-stippel.de\/#organization","name":"Handelsvertretung Stippel","url":"https:\/\/www.handelsvertretung-stippel.de\/","logo":{"@type":"ImageObject","inLanguage":"en-US","@id":"https:\/\/www.handelsvertretung-stippel.de\/#\/schema\/logo\/image\/","url":"https:\/\/www.handelsvertretung-stippel.de\/wp-content\/uploads\/2020\/05\/Logo-Stippel-2020-2.jpg","contentUrl":"https:\/\/www.handelsvertretung-stippel.de\/wp-content\/uploads\/2020\/05\/Logo-Stippel-2020-2.jpg","width":512,"height":512,"caption":"Handelsvertretung Stippel"},"image":{"@id":"https:\/\/www.handelsvertretung-stippel.de\/#\/schema\/logo\/image\/"}}]}},"_links":{"self":[{"href":"https:\/\/www.handelsvertretung-stippel.de\/en\/wp-json\/wp\/v2\/pages\/412","targetHints":{"allow":["GET"]}}],"collection":[{"href":"https:\/\/www.handelsvertretung-stippel.de\/en\/wp-json\/wp\/v2\/pages"}],"about":[{"href":"https:\/\/www.handelsvertretung-stippel.de\/en\/wp-json\/wp\/v2\/types\/page"}],"author":[{"embeddable":true,"href":"https:\/\/www.handelsvertretung-stippel.de\/en\/wp-json\/wp\/v2\/users\/1"}],"replies":[{"embeddable":true,"href":"https:\/\/www.handelsvertretung-stippel.de\/en\/wp-json\/wp\/v2\/comments?post=412"}],"version-history":[{"count":1,"href":"https:\/\/www.handelsvertretung-stippel.de\/en\/wp-json\/wp\/v2\/pages\/412\/revisions"}],"predecessor-version":[{"id":413,"href":"https:\/\/www.handelsvertretung-stippel.de\/en\/wp-json\/wp\/v2\/pages\/412\/revisions\/413"}],"up":[{"embeddable":true,"href":"https:\/\/www.handelsvertretung-stippel.de\/en\/wp-json\/wp\/v2\/pages\/411"}],"wp:attachment":[{"href":"https:\/\/www.handelsvertretung-stippel.de\/en\/wp-json\/wp\/v2\/media?parent=412"}],"curies":[{"name":"wp","href":"https:\/\/api.w.org\/{rel}","templated":true}]}}